{"id":1759,"date":"2019-04-02T14:58:51","date_gmt":"2019-04-02T12:58:51","guid":{"rendered":"http:\/\/staging.amicidigabriele.org\/condizioni-dutilizzo\/"},"modified":"2019-04-02T14:58:51","modified_gmt":"2019-04-02T12:58:51","slug":"condizioni-dutilizzo","status":"publish","type":"page","link":"https:\/\/www.amicidigabriele.org\/en\/condizioni-dutilizzo\/","title":{"rendered":"Condizioni d&#8217;utilizzo"},"content":{"rendered":"\n<p><strong>Diritti d\u2019Autore<\/strong><br>Ove non diversamente indicato tutto il materiale presente su questo sito \u00e8 propriet\u00e0 esclusiva dell&#8217;Associazione Amici di Gabriele Onlus E\u2019 espressamente vietato, senza permesso scritto, utilizzare, duplicare, modificare, alterare, pubblicare e ripubblicare anche parzialmente i contenuti di questo sito per finalit\u00e0 diverse da quelle personali e limitate alla fruizione dello stesso. Per ogni utilizzo (nel significato pi\u00f9 esteso del termine) dovr\u00e0 essere indicata chiaramente questa dicitura: Copyright ASSOCIAZIONE AMICI DI GABRIELE ONLUS \u2013 http:\/\/www.amicidigabriele.org &#8211; tutti i diritti riservati. <br><br><strong>Responsabilit\u00e0 per contenuti di forum, newsgroup e fonti aperte<\/strong><br>L&#8217;Associazione Amici di Gabriele Onlus non esercita, e non \u00e8 in grado di esercitare alcun controllo sui contenuti di forum pubblici, newsgroup e assimilabili. Ma si limita ad eseguire quello che, tecnicamente, prende il nome di \u201cmero trasporto\u201d. Pertanto non pu\u00f2 essere ritenuta in alcun modo responsabile di atti illeciti commessi per il tramite delle suddette risorse.<br><br><strong>Link esterni a Associazione Amici di Gabriele Onlus e mirror<\/strong><br>L&#8217;Associazione Amici di Gabriele Onlus non \u00e8 responsabile dei contenuti linkati sul proprio sito. Allo stesso modo, L&#8217;Associazione Amici di Gabriele Onlus non risponde di quanto contenuto e dichiarato nei mirror ospitati. <br><br><strong>Uso dei contenuti dei link esterni a Associazione Amici di Gabriele Onlus<\/strong><br>Gli abbonati sono tenuti a verificare le condizioni di utilizzo dei contenuti raggiungibili tramite Associazione Amici di Gabriele Onlus. Che non assume alcun impegno sulla permanenza, raggiungibilit\u00e0 e fruibilit\u00e0 degli stessi.<br><br><strong>Propriet\u00e0 intellettuale e diritti d&#8217;autore<\/strong><br>Ove non diversamente specificato il layout grafico e HTML, i singoli elementi grafici, i testi, la struttura e l&#8217;architettura del web e di tutti i servizi sono propriet\u00e0 esclusiva dell&#8217;Associazione Amici di Gabriele Onlus e ne \u00e8 vietato il riutilizzo salva autorizzazione scritta.<br><strong><br>Limitazioni di responsabilit\u00e0<\/strong><br>Associazione Amici di Gabriele Onlus \u00e8 responsabile unicamente dei contenuti pubblicati in proprio e non assume alcun obbligo nei confronti dei contenuti di eventuali link esterni che dovessero consentire di raggiungere informazioni di qualsiasi tipo. L&#8217;utente \u00e8 l&#8217;unico a dover verificare la correttezza e la liceit\u00e0 di quanto eventualmente dichiarato da terze parti, raggiunte tramite collegamenti provenienti da questo sito.<\/p>\n","protected":false},"excerpt":{"rendered":"<p>Diritti d\u2019AutoreOve non diversamente indicato tutto il materiale presente su questo sito \u00e8<\/p>\n","protected":false},"author":1,"featured_media":0,"parent":0,"menu_order":0,"comment_status":"closed","ping_status":"closed","template":"","meta":{"_acf_changed":false,"footnotes":""},"class_list":["post-1759","page","type-page","status-publish","hentry"],"acf":[],"_links":{"self":[{"href":"https:\/\/www.amicidigabriele.org\/en\/wp-json\/wp\/v2\/pages\/1759\/"}],"collection":[{"href":"https:\/\/www.amicidigabriele.org\/en\/wp-json\/wp\/v2\/pages\/"}],"about":[{"href":"https:\/\/www.amicidigabriele.org\/en\/wp-json\/wp\/v2\/types\/page\/"}],"author":[{"embeddable":true,"href":"https:\/\/www.amicidigabriele.org\/en\/wp-json\/wp\/v2\/users\/1\/"}],"replies":[{"embeddable":true,"href":"https:\/\/www.amicidigabriele.org\/en\/wp-json\/wp\/v2\/comments\/?post=1759"}],"version-history":[{"count":0,"href":"https:\/\/www.amicidigabriele.org\/en\/wp-json\/wp\/v2\/pages\/1759\/revisions\/"}],"wp:attachment":[{"href":"https:\/\/www.amicidigabriele.org\/en\/wp-json\/wp\/v2\/media\/?parent=1759"}],"curies":[{"name":"wp","href":"https:\/\/api.w.org\/{rel}","templated":true}]}}