{"id":1760,"date":"2019-04-02T14:50:33","date_gmt":"2019-04-02T12:50:33","guid":{"rendered":"http:\/\/staging.amicidigabriele.org\/credits\/"},"modified":"2019-04-02T14:50:33","modified_gmt":"2019-04-02T12:50:33","slug":"credits","status":"publish","type":"page","link":"https:\/\/www.amicidigabriele.org\/en\/credits\/","title":{"rendered":"Credits"},"content":{"rendered":"\n<p>ASSOCIAZIONE AMICI DI GABRIELE ONLUS<br>Via Alessandrini 2, 20090 Segrate (MI)<br>Tel. +39.340.9274924<br>www.amicidigabriele.org<br><br>Tutti i contenuti presenti nelle pagine del Sito Web Amici di Gabriele sono Copyright \u00a9 Associazione Amici di Gabriele Onlus.<br><br>Tutti i diritti sono riservati.<br>I contenuti delle pagine del Sito Web Amici di Gabriele non possono essere, n\u00e8 interamente n\u00e8 parzialmente, riprodotti,copiati, pubblicati, trasferiti o caricati in qualsiasi modo, fatta salva la possibilit\u00e0 di immagazzinare nel proprio computer o di stampare estratti delle pagine di questo Sito solo ed esclusivamente per uso personale.<br>I marchi e il logo che compaiono su questo sito sono di propriet\u00e0 dell&#8217;Associazione Amici di Gabriele Onlus e non possono essere utilizzati su alcun Sito Internet diverso dal Sito Amici di Gabriele Onlus o di propriet\u00e0 dell&#8217;associazione senza il preventivo consenso scritto da parte dell&#8217;Associazione Amici di Gabriele Onlus.<\/p>\n","protected":false},"excerpt":{"rendered":"<p>ASSOCIAZIONE AMICI DI GABRIELE ONLUSVia Alessandrini 2, 20090 Segrate (MI)Tel. +39.340.9274924www.amicidigabriele.org Tutti i<\/p>\n","protected":false},"author":1,"featured_media":0,"parent":0,"menu_order":0,"comment_status":"closed","ping_status":"closed","template":"","meta":{"_acf_changed":false,"footnotes":""},"class_list":["post-1760","page","type-page","status-publish","hentry"],"acf":[],"_links":{"self":[{"href":"https:\/\/www.amicidigabriele.org\/en\/wp-json\/wp\/v2\/pages\/1760\/"}],"collection":[{"href":"https:\/\/www.amicidigabriele.org\/en\/wp-json\/wp\/v2\/pages\/"}],"about":[{"href":"https:\/\/www.amicidigabriele.org\/en\/wp-json\/wp\/v2\/types\/page\/"}],"author":[{"embeddable":true,"href":"https:\/\/www.amicidigabriele.org\/en\/wp-json\/wp\/v2\/users\/1\/"}],"replies":[{"embeddable":true,"href":"https:\/\/www.amicidigabriele.org\/en\/wp-json\/wp\/v2\/comments\/?post=1760"}],"version-history":[{"count":0,"href":"https:\/\/www.amicidigabriele.org\/en\/wp-json\/wp\/v2\/pages\/1760\/revisions\/"}],"wp:attachment":[{"href":"https:\/\/www.amicidigabriele.org\/en\/wp-json\/wp\/v2\/media\/?parent=1760"}],"curies":[{"name":"wp","href":"https:\/\/api.w.org\/{rel}","templated":true}]}}